{"id":1744,"date":"2019-12-02T12:26:05","date_gmt":"2019-12-02T10:26:05","guid":{"rendered":"http:\/\/www.zona-janjevci.biz\/?page_id=1744"},"modified":"2020-09-20T14:14:24","modified_gmt":"2020-09-20T12:14:24","slug":"zipi-aktivnosti-na-projektu","status":"publish","type":"page","link":"https:\/\/www.zona-janjevci.biz\/hr\/zipi-aktivnosti-na-projektu\/","title":{"rendered":"Aktivnosti na projektu"},"content":{"rendered":"\t\t<div data-elementor-type=\"wp-page\" data-elementor-id=\"1744\" class=\"elementor elementor-1744\">\n\t\t\t\t\t\t<section class=\"elementor-section elementor-top-section elementor-element elementor-element-32dd6a9 elementor-section-boxed elementor-section-height-default elementor-section-height-default\" data-id=\"32dd6a9\" data-element_type=\"section\" data-e-type=\"section\">\n\t\t\t\t\t\t<div class=\"elementor-container elementor-column-gap-default\">\n\t\t\t\t\t<div class=\"elementor-column elementor-col-100 elementor-top-column elementor-element elementor-element-2fa38c8\" data-id=\"2fa38c8\" data-element_type=\"column\" data-e-type=\"column\">\n\t\t\t<div class=\"elementor-widget-wrap elementor-element-populated\">\n\t\t\t\t\t\t<div class=\"elementor-element elementor-element-ad51b16 premium-blog-align-left elementor-widget elementor-widget-premium-addon-blog\" data-id=\"ad51b16\" data-element_type=\"widget\" data-e-type=\"widget\" data-widget_type=\"premium-addon-blog.default\">\n\t\t\t\t<div class=\"elementor-widget-container\">\n\t\t\t\t\t\n\t\t\n\n\t\t\t\t<div class=\"premium-blog-wrap  premium-blog-list\" data-page=\"1744\">\n\t\t\t\t\t\t\t\t\t<div class=\"premium-blog-post-outer-container\" data-total=\"18\">\n\t\t\t<div class=\"premium-blog-post-container premium-blog-skin-classic\">\n\t\t\t\t\t\t\t\t\t<div class=\"premium-blog-thumb-effect-wrapper\">\n\t\t\t\t\t\t<div class=\"premium-blog-thumbnail-container premium-blog-zoomin-effect\">\n\t\t\t\t\t\t\t<img fetchpriority=\"high\" decoding=\"async\" width=\"2560\" height=\"936\" src=\"https:\/\/www.zona-janjevci.biz\/wp-content\/uploads\/2019\/12\/cover.jpg\" class=\"attachment-full size-full wp-image-1794\" alt=\"\" srcset=\"https:\/\/www.zona-janjevci.biz\/wp-content\/uploads\/2019\/12\/cover.jpg 2560w, https:\/\/www.zona-janjevci.biz\/wp-content\/uploads\/2019\/12\/cover-300x110.jpg 300w, https:\/\/www.zona-janjevci.biz\/wp-content\/uploads\/2019\/12\/cover-1024x374.jpg 1024w, https:\/\/www.zona-janjevci.biz\/wp-content\/uploads\/2019\/12\/cover-768x281.jpg 768w, https:\/\/www.zona-janjevci.biz\/wp-content\/uploads\/2019\/12\/cover-1536x562.jpg 1536w, https:\/\/www.zona-janjevci.biz\/wp-content\/uploads\/2019\/12\/cover-2048x749.jpg 2048w\" sizes=\"(max-width: 2560px) 100vw, 2560px\" \/>\t\t\t\t\t\t<\/div>\n\t\t\t\t\t\t\t\t\t\t\t\t\t<div class=\"premium-blog-thumbnail-overlay\">\n\t\t\t\t\t\t\t\t<a class=\"elementor-icon\" href=\"https:\/\/www.zona-janjevci.biz\/hr\/otvoreni-javni-natjecaj-za-parcele-u-industrijskoj-zoni-janjevci\/\" target=\"_blank\"><\/a>\n\t\t\t\t\t\t\t<\/div>\n\n\t\t\t\t\t\t\t\t\t\t\t\t\t\t\t\t\t\t<\/div>\n\t\t\t\t\t\t\t\t\t\t\t\t<div class=\"premium-blog-content-wrapper \">\n\n\t\t\t\t\t<div class=\"premium-blog-inner-container\">\n\n\t\t\t\t\t\t\t\t\t\t\t\t\t\t<h2 class=\"premium-blog-entry-title\">\n\t\t\t<a href=\"https:\/\/www.zona-janjevci.biz\/hr\/otvoreni-javni-natjecaj-za-parcele-u-industrijskoj-zoni-janjevci\/\" target=\"_blank\">\n\t\t\t\tOtvoreni javni natje\u010daj za parcele u Industrijskoj zoni Janjevci\t\t\t<\/a>\n\t\t<\/h2>\n\t\t\t\t<div class=\"premium-blog-entry-meta\">\n\t\t\t\n\t\t\t\t\t\t\t<span class=\"premium-blog-meta-separator\">\u2022<\/span>\n\t\t\t\t<div class=\"premium-blog-post-time premium-blog-meta-data\">\n\t\t\t\t\t<i class=\"fa fa-calendar-alt\" aria-hidden=\"true\"><\/i>\n\t\t\t\t\t<span>08\/10\/2024<\/span>\n\t\t\t\t<\/div>\n\t\t\t\n\t\t\t\n\t\t\t\t\t<\/div>\n\t\t\n\t\t\t\t\t<\/div>\n\n\t\t\t\t\t\t\t<div class=\"premium-blog-content-inner-wrapper\">\n\t\t<p class=\"premium-blog-post-content\"><\/p>\t\t<\/div>\n\t\t\t\t\t\t\t\n\t\t\t\t<\/div>\n\t\t\t<\/div>\n\t\t<\/div>\n\n\t\t\t\t<div class=\"premium-blog-post-outer-container\" data-total=\"18\">\n\t\t\t<div class=\"premium-blog-post-container premium-blog-skin-classic\">\n\t\t\t\t\t\t\t\t\t<div class=\"premium-blog-thumb-effect-wrapper\">\n\t\t\t\t\t\t<div class=\"premium-blog-thumbnail-container premium-blog-zoomin-effect\">\n\t\t\t\t\t\t\t<img decoding=\"async\" width=\"1603\" height=\"1106\" src=\"https:\/\/www.zona-janjevci.biz\/wp-content\/uploads\/2012\/08\/kopija-kat_plana5_1.jpg\" class=\"attachment-full size-full wp-image-316\" alt=\"\" srcset=\"https:\/\/www.zona-janjevci.biz\/wp-content\/uploads\/2012\/08\/kopija-kat_plana5_1.jpg 1603w, https:\/\/www.zona-janjevci.biz\/wp-content\/uploads\/2012\/08\/kopija-kat_plana5_1-300x207.jpg 300w, https:\/\/www.zona-janjevci.biz\/wp-content\/uploads\/2012\/08\/kopija-kat_plana5_1-1024x707.jpg 1024w, https:\/\/www.zona-janjevci.biz\/wp-content\/uploads\/2012\/08\/kopija-kat_plana5_1-768x530.jpg 768w, https:\/\/www.zona-janjevci.biz\/wp-content\/uploads\/2012\/08\/kopija-kat_plana5_1-1536x1060.jpg 1536w\" sizes=\"(max-width: 1603px) 100vw, 1603px\" \/>\t\t\t\t\t\t<\/div>\n\t\t\t\t\t\t\t\t\t\t\t\t\t<div class=\"premium-blog-thumbnail-overlay\">\n\t\t\t\t\t\t\t\t<a class=\"elementor-icon\" href=\"https:\/\/www.zona-janjevci.biz\/hr\/javni-natjecaj-za-prodaju-zemljista-u-industrijskoj-zoni-janjevci\/\" target=\"_blank\"><\/a>\n\t\t\t\t\t\t\t<\/div>\n\n\t\t\t\t\t\t\t\t\t\t\t\t\t\t\t\t\t\t<\/div>\n\t\t\t\t\t\t\t\t\t\t\t\t<div class=\"premium-blog-content-wrapper \">\n\n\t\t\t\t\t<div class=\"premium-blog-inner-container\">\n\n\t\t\t\t\t\t\t\t\t\t\t\t\t\t<h2 class=\"premium-blog-entry-title\">\n\t\t\t<a href=\"https:\/\/www.zona-janjevci.biz\/hr\/javni-natjecaj-za-prodaju-zemljista-u-industrijskoj-zoni-janjevci\/\" target=\"_blank\">\n\t\t\t\tJAVNI NATJE\u010cAJ za prodaju zemlji\u0161ta u Industrijskoj zoni Janjevci\t\t\t<\/a>\n\t\t<\/h2>\n\t\t\t\t<div class=\"premium-blog-entry-meta\">\n\t\t\t\n\t\t\t\t\t\t\t<span class=\"premium-blog-meta-separator\">\u2022<\/span>\n\t\t\t\t<div class=\"premium-blog-post-time premium-blog-meta-data\">\n\t\t\t\t\t<i class=\"fa fa-calendar-alt\" aria-hidden=\"true\"><\/i>\n\t\t\t\t\t<span>08\/02\/2024<\/span>\n\t\t\t\t<\/div>\n\t\t\t\n\t\t\t\n\t\t\t\t\t<\/div>\n\t\t\n\t\t\t\t\t<\/div>\n\n\t\t\t\t\t\t\t<div class=\"premium-blog-content-inner-wrapper\">\n\t\t<p class=\"premium-blog-post-content\"><\/p>\t\t<\/div>\n\t\t\t\t\t\t\t\n\t\t\t\t<\/div>\n\t\t\t<\/div>\n\t\t<\/div>\n\n\t\t\t\t<div class=\"premium-blog-post-outer-container\" data-total=\"18\">\n\t\t\t<div class=\"premium-blog-post-container premium-blog-skin-classic\">\n\t\t\t\t\t\t\t\t\t<div class=\"premium-blog-thumb-effect-wrapper\">\n\t\t\t\t\t\t<div class=\"premium-blog-thumbnail-container premium-blog-zoomin-effect\">\n\t\t\t\t\t\t\t<img decoding=\"async\" width=\"820\" height=\"615\" src=\"https:\/\/www.zona-janjevci.biz\/wp-content\/uploads\/2021\/09\/INVEST-3.jpg\" class=\"attachment-full size-full wp-image-2041\" alt=\"\" srcset=\"https:\/\/www.zona-janjevci.biz\/wp-content\/uploads\/2021\/09\/INVEST-3.jpg 820w, https:\/\/www.zona-janjevci.biz\/wp-content\/uploads\/2021\/09\/INVEST-3-300x225.jpg 300w, https:\/\/www.zona-janjevci.biz\/wp-content\/uploads\/2021\/09\/INVEST-3-768x576.jpg 768w\" sizes=\"(max-width: 820px) 100vw, 820px\" \/>\t\t\t\t\t\t<\/div>\n\t\t\t\t\t\t\t\t\t\t\t\t\t<div class=\"premium-blog-thumbnail-overlay\">\n\t\t\t\t\t\t\t\t<a class=\"elementor-icon\" href=\"https:\/\/www.zona-janjevci.biz\/hr\/hrvatska-ima-potencijal-i-ljude\/\" target=\"_blank\"><\/a>\n\t\t\t\t\t\t\t<\/div>\n\n\t\t\t\t\t\t\t\t\t\t\t\t\t\t\t\t\t\t<\/div>\n\t\t\t\t\t\t\t\t\t\t\t\t<div class=\"premium-blog-content-wrapper \">\n\n\t\t\t\t\t<div class=\"premium-blog-inner-container\">\n\n\t\t\t\t\t\t\t\t\t\t\t\t\t\t<h2 class=\"premium-blog-entry-title\">\n\t\t\t<a href=\"https:\/\/www.zona-janjevci.biz\/hr\/hrvatska-ima-potencijal-i-ljude\/\" target=\"_blank\">\n\t\t\t\tHrvatska ima potencijal i ljude\t\t\t<\/a>\n\t\t<\/h2>\n\t\t\t\t<div class=\"premium-blog-entry-meta\">\n\t\t\t\n\t\t\t\t\t\t\t<span class=\"premium-blog-meta-separator\">\u2022<\/span>\n\t\t\t\t<div class=\"premium-blog-post-time premium-blog-meta-data\">\n\t\t\t\t\t<i class=\"fa fa-calendar-alt\" aria-hidden=\"true\"><\/i>\n\t\t\t\t\t<span>14\/09\/2021<\/span>\n\t\t\t\t<\/div>\n\t\t\t\n\t\t\t\n\t\t\t\t\t<\/div>\n\t\t\n\t\t\t\t\t<\/div>\n\n\t\t\t\t\t\t\t<div class=\"premium-blog-content-inner-wrapper\">\n\t\t<p class=\"premium-blog-post-content\">\u201eInvesticije su klju\u010d gospodarskog oporavka, ali Hrvatska jo\u0161 nije prepoznata kao poslovna i ulaga\u010dka destinacija i na tome trebamo jo\u0161 mnogo raditi\u201c, \u2026<\/p>\t\t<\/div>\n\t\t\t\t\t\t\t\n\t\t\t\t<\/div>\n\t\t\t<\/div>\n\t\t<\/div>\n\n\t\t\t\t<div class=\"premium-blog-post-outer-container\" data-total=\"18\">\n\t\t\t<div class=\"premium-blog-post-container premium-blog-skin-classic\">\n\t\t\t\t\t\t\t\t\t<div class=\"premium-blog-thumb-effect-wrapper\">\n\t\t\t\t\t\t<div class=\"premium-blog-thumbnail-container premium-blog-zoomin-effect\">\n\t\t\t\t\t\t\t<img loading=\"lazy\" decoding=\"async\" width=\"1600\" height=\"1200\" src=\"https:\/\/www.zona-janjevci.biz\/wp-content\/uploads\/2021\/09\/DJI_0010.jpg\" class=\"attachment-full size-full wp-image-2037\" alt=\"\" srcset=\"https:\/\/www.zona-janjevci.biz\/wp-content\/uploads\/2021\/09\/DJI_0010.jpg 1600w, https:\/\/www.zona-janjevci.biz\/wp-content\/uploads\/2021\/09\/DJI_0010-300x225.jpg 300w, https:\/\/www.zona-janjevci.biz\/wp-content\/uploads\/2021\/09\/DJI_0010-1024x768.jpg 1024w, https:\/\/www.zona-janjevci.biz\/wp-content\/uploads\/2021\/09\/DJI_0010-768x576.jpg 768w, https:\/\/www.zona-janjevci.biz\/wp-content\/uploads\/2021\/09\/DJI_0010-1536x1152.jpg 1536w\" sizes=\"(max-width: 1600px) 100vw, 1600px\" \/>\t\t\t\t\t\t<\/div>\n\t\t\t\t\t\t\t\t\t\t\t\t\t<div class=\"premium-blog-thumbnail-overlay\">\n\t\t\t\t\t\t\t\t<a class=\"elementor-icon\" href=\"https:\/\/www.zona-janjevci.biz\/hr\/izgradnja-nove-tvornice\/\" target=\"_blank\"><\/a>\n\t\t\t\t\t\t\t<\/div>\n\n\t\t\t\t\t\t\t\t\t\t\t\t\t\t\t\t\t\t<\/div>\n\t\t\t\t\t\t\t\t\t\t\t\t<div class=\"premium-blog-content-wrapper \">\n\n\t\t\t\t\t<div class=\"premium-blog-inner-container\">\n\n\t\t\t\t\t\t\t\t\t\t\t\t\t\t<h2 class=\"premium-blog-entry-title\">\n\t\t\t<a href=\"https:\/\/www.zona-janjevci.biz\/hr\/izgradnja-nove-tvornice\/\" target=\"_blank\">\n\t\t\t\tIZGRADNJA NOVE TVORNICE\t\t\t<\/a>\n\t\t<\/h2>\n\t\t\t\t<div class=\"premium-blog-entry-meta\">\n\t\t\t\n\t\t\t\t\t\t\t<span class=\"premium-blog-meta-separator\">\u2022<\/span>\n\t\t\t\t<div class=\"premium-blog-post-time premium-blog-meta-data\">\n\t\t\t\t\t<i class=\"fa fa-calendar-alt\" aria-hidden=\"true\"><\/i>\n\t\t\t\t\t<span>09\/09\/2021<\/span>\n\t\t\t\t<\/div>\n\t\t\t\n\t\t\t\n\t\t\t\t\t<\/div>\n\t\t\n\t\t\t\t\t<\/div>\n\n\t\t\t\t\t\t\t<div class=\"premium-blog-content-inner-wrapper\">\n\t\t<p class=\"premium-blog-post-content\">U Industrijskoj zoni u tijeku je izgradnja nove tvornice \u010dija povr\u0161ina je oko 3.000 m2. Radovi oko izgradnje su u tijeku.<\/p>\t\t<\/div>\n\t\t\t\t\t\t\t\n\t\t\t\t<\/div>\n\t\t\t<\/div>\n\t\t<\/div>\n\n\t\t\t\t\t\t\t<\/div>\n\n\t\t\n\t\t\n\t\t\t\t\t\t<\/div>\n\t\t\t\t<\/div>\n\t\t\t\t\t<\/div>\n\t\t<\/div>\n\t\t\t\t\t<\/div>\n\t\t<\/section>\n\t\t\t\t<\/div>\n\t\t","protected":false},"excerpt":{"rendered":"<p>Odr\u017eana uvodna konferencija projekta ZIPi | 15\/11\/2019 Dana 17. Rujna 2019. Godine odr\u017eana je Uvodna konferencija projekta \u201eZIPi \u2013 Zavr\u0161etak izgradnje poslovne infrastrukture\u201c odobrenog u sklopu poziva \u201cRazvoj infrastrukture poduzetni\u010dkih zona\u201c. Na uvodnoj konferenciji sudionicima konferencije prezentiran je projekt \u201eZIPi \u2013 Zavr\u0161etak izgradnje poslovne infrastrukture u Industrijskoj zoni Janjevci\u201c. Pred tridesetak sudionika konferencije projekt su [&hellip;]<\/p>\n","protected":false},"author":6,"featured_media":0,"parent":0,"menu_order":0,"comment_status":"closed","ping_status":"closed","template":"","meta":{"footnotes":""},"class_list":["post-1744","page","type-page","status-publish","hentry","post"],"jetpack_sharing_enabled":true,"_links":{"self":[{"href":"https:\/\/www.zona-janjevci.biz\/hr\/wp-json\/wp\/v2\/pages\/1744","targetHints":{"allow":["GET"]}}],"collection":[{"href":"https:\/\/www.zona-janjevci.biz\/hr\/wp-json\/wp\/v2\/pages"}],"about":[{"href":"https:\/\/www.zona-janjevci.biz\/hr\/wp-json\/wp\/v2\/types\/page"}],"author":[{"embeddable":true,"href":"https:\/\/www.zona-janjevci.biz\/hr\/wp-json\/wp\/v2\/users\/6"}],"replies":[{"embeddable":true,"href":"https:\/\/www.zona-janjevci.biz\/hr\/wp-json\/wp\/v2\/comments?post=1744"}],"version-history":[{"count":4,"href":"https:\/\/www.zona-janjevci.biz\/hr\/wp-json\/wp\/v2\/pages\/1744\/revisions"}],"predecessor-version":[{"id":1917,"href":"https:\/\/www.zona-janjevci.biz\/hr\/wp-json\/wp\/v2\/pages\/1744\/revisions\/1917"}],"wp:attachment":[{"href":"https:\/\/www.zona-janjevci.biz\/hr\/wp-json\/wp\/v2\/media?parent=1744"}],"curies":[{"name":"wp","href":"https:\/\/api.w.org\/{rel}","templated":true}]}}