{"id":1395,"date":"2014-04-08T08:35:17","date_gmt":"2014-04-08T06:35:17","guid":{"rendered":"http:\/\/www.zona-janjevci.biz\/?page_id=1395&#038;lang=en"},"modified":"2019-12-02T12:50:59","modified_gmt":"2019-12-02T10:50:59","slug":"poslovno-pismo","status":"publish","type":"page","link":"https:\/\/www.zona-janjevci.biz\/hr\/poslovno-pismo\/","title":{"rendered":"Poslovno pismo"},"content":{"rendered":"\t\t<div data-elementor-type=\"wp-page\" data-elementor-id=\"1395\" class=\"elementor elementor-1395\">\n\t\t\t\t\t\t<section class=\"elementor-section elementor-top-section elementor-element elementor-element-49b5fcaf elementor-section-boxed elementor-section-height-default elementor-section-height-default\" data-id=\"49b5fcaf\" data-element_type=\"section\" data-e-type=\"section\">\n\t\t\t\t\t\t<div class=\"elementor-container elementor-column-gap-default\">\n\t\t\t\t\t<div class=\"elementor-column elementor-col-100 elementor-top-column elementor-element elementor-element-114c1978\" data-id=\"114c1978\" data-element_type=\"column\" data-e-type=\"column\">\n\t\t\t<div class=\"elementor-widget-wrap elementor-element-populated\">\n\t\t\t\t\t\t<div class=\"elementor-element elementor-element-301adde elementor-widget elementor-widget-text-editor\" data-id=\"301adde\" data-element_type=\"widget\" data-e-type=\"widget\" data-widget_type=\"text-editor.default\">\n\t\t\t\t<div class=\"elementor-widget-container\">\n\t\t\t\t\t\t\t\t\tPo\u0161tovani,\n\nU cilju realizacije izravnog investiranja u na\u0161u industrijsku zonu, javljamo Vam se putem ovog pisma kako bi Vas kao potencijalnog investitora, upoznali s konkurentskim prednostima i mogu\u0107nostima ulaganja koje pru\u017ea na\u0161a lokacija.\n\nJavljamo Vam se iz Republike Hrvatske, Grada Donjeg Miholjca, smje\u0161tenog na istoku zemlje, regija Slavonija i Baranja. \u00a0Donji Miholjac je grad smje\u0161ten na samoj obali rijeke Drave, na granici s Republikom Ma\u0111arskom, s izuzetno povoljnim geografskim polo\u017eajem. Udaljenost Grada Donjeg Miholjca od velikih europskih sredi\u0161njica poput Budimpe\u0161te, Sarajeva, Zagreba i Beograda iznosi tek oko 200 km \u0161to uz odli\u010dno razvijenu prometnu infrastrukturu garantira i uspje\u0161no \u0161irenje ka novim tr\u017ei\u0161tima. \u00a0Navedeni geografski polo\u017eaj smje\u0161ta Donji Miholjac u sredi\u0161te tzv. Nove Europe\n\nDonji Miholjac predstavlja povoljnu lokaciju za investiranje zbog niza faktora, odnosno pogodnosti koje omogu\u0107uje novim izravnim investicijama. Grad posjeduje industrijsku zonu ukupne povr\u0161ine 127,5 ha smje\u0161tenu uz gradsku obilaznicu s izravnim pristupom do iste.\u00a0 U sklopu industrijske zone trenutno posluje ukupno 35 poduzetnika, a za izgradnju novih poslovnih objekata preostalo je jo\u0161 719.090 m<sup>2<\/sup>\u00a0gra\u0111evinskog zemlji\u0161ta.\u00a0 Gra\u0111evinsko zemlji\u0161te u industrijskoj zoni raspolo\u017eivo za prodaju potpuno je opskrbljeno svom potrebnom komunalnom i prometnom infrastrukturom.\n\nOsim potpuno infrastrukturno opskrbljenog gra\u0111evinskog zemlji\u0161ta, izravnim se investitorima osiguravaju ostale olak\u0161ice poput oslobo\u0111enja od poreza na tvrtku u po\u010detnom periodu, kao i komunalne naknada te povoljnim komunalnim doprinosima po m<sup>3<\/sup>\u00a0prostora s obrnuto proporcionalnim odnosom cijena\/povr\u0161ina. Cijena gra\u0111evinske parcele iznosi 1,50 \u20ac\/m<sup>2<\/sup>\u00a0uz mogu\u0107nost kupovine i po cijeni 0,50 \u20ac\/m<sup>2<\/sup>,\u00a0ovisno o brzini realizacije investicijskog projekta.\n\nGrad raspola\u017ee i s kvalificiranom radnom snagom u definiranim ciljnim industrijama koje se \u017eele razvijati u zoni. Ciljni sektori ulaganja u industrijsku zonu jesu prehrambeno prera\u0111iva\u010dka, metaloprera\u0111iva\u010dka, drvna i industrija plasti\u010dnih masa. Ciljni sektor svakako predstavljaju i high tech industrija koja omogu\u0107uje dodanu vrijednost kao i sektor ra\u010dunarstva i mre\u017enih komunikacija za \u010diju se namjenu gradi i novi smje\u0161tajni objekt u funkciji poduzetni\u010dkog inkubatora.\n\nIndustrijskom zonom \u201eJanjevci\u201c u Donjem Miholjcu upravlja Miholja\u010dki poduzetni\u010dki centar Lokalna razvojna agencija koja kao info to\u010dka pru\u017ea sve potrebne informacije o samoj zoni, mogu\u0107nostima i poticajnim mjerama koje se mogu ostvariti vezano uz izravno investiranje. S obzirom na svoju temeljnu djelatnost, savjetovanje u poduzetni\u0161tvu odnosno funkciju poduzetni\u010dke potporne infrastrukture, MPC LRA osigurati \u0107e maksimalnu podr\u0161ku u procesu razvoja poslovne djelatnosti odnosno novog investicijskog projekta.\n\nGrad Donji Miholjac svojom mre\u017eom poduzetni\u010dke potporne infrastrukture, \u00a0osigurat \u0107e Vam\u00a0 brzinu i fleksibilnost u cjelokupnom\u00a0 procesu greenfield investicije, raspolo\u017eivu radnu snagu i dobar pristup nacionalnom i me\u0111unarodnom tr\u017ei\u0161tu \u0161to uz relativno niske tro\u0161kove rada garantira ostvarivanje profitabilnosti.\n\nNadamo se da Vas je prethodno navedeno potaknulo na razmi\u0161ljanje o Gradu Donjem Miholjcu i industrijskoj zoni Janjevci kao potencijalnoj investicijskoj odrednici u procesu \u0161irenja Va\u0161eg poslovanja i osvajanja novih tr\u017ei\u0161ta.\n\nDetaljnije informacije kao i kontakt telefone mo\u017eete dobiti putem sljede\u0107ih web stranica:\u00a0<a href=\"http:\/\/www.mpc-miholjac.hr\/\">www.mpc-miholjac.hr<\/a>\u00a0i\u00a0<a href=\"http:\/\/www.zona-janjevci.biz\/\">www.zona-janjevci.biz<\/a>.\n\nSa \u0161tovanjem,\n<p align=\"right\">Gradona\u010delnik:<\/p>\n<p align=\"right\">Goran Aladi\u0107, dipl. oec.<\/p>\t\t\t\t\t\t\t\t<\/div>\n\t\t\t\t<\/div>\n\t\t\t\t\t<\/div>\n\t\t<\/div>\n\t\t\t\t\t<\/div>\n\t\t<\/section>\n\t\t\t\t<\/div>\n\t\t","protected":false},"excerpt":{"rendered":"<p>Po\u0161tovani, U cilju realizacije izravnog investiranja u na\u0161u industrijsku zonu, javljamo Vam se putem ovog pisma kako bi Vas kao potencijalnog investitora, upoznali s konkurentskim prednostima i mogu\u0107nostima ulaganja koje pru\u017ea na\u0161a lokacija. Javljamo Vam se iz Republike Hrvatske, Grada Donjeg Miholjca, smje\u0161tenog na istoku zemlje, regija Slavonija i Baranja. \u00a0Donji Miholjac je grad smje\u0161ten [&hellip;]<\/p>\n","protected":false},"author":6,"featured_media":0,"parent":0,"menu_order":0,"comment_status":"closed","ping_status":"closed","template":"","meta":{"footnotes":""},"class_list":["post-1395","page","type-page","status-publish","hentry","post"],"jetpack_sharing_enabled":true,"_links":{"self":[{"href":"https:\/\/www.zona-janjevci.biz\/hr\/wp-json\/wp\/v2\/pages\/1395","targetHints":{"allow":["GET"]}}],"collection":[{"href":"https:\/\/www.zona-janjevci.biz\/hr\/wp-json\/wp\/v2\/pages"}],"about":[{"href":"https:\/\/www.zona-janjevci.biz\/hr\/wp-json\/wp\/v2\/types\/page"}],"author":[{"embeddable":true,"href":"https:\/\/www.zona-janjevci.biz\/hr\/wp-json\/wp\/v2\/users\/6"}],"replies":[{"embeddable":true,"href":"https:\/\/www.zona-janjevci.biz\/hr\/wp-json\/wp\/v2\/comments?post=1395"}],"version-history":[{"count":5,"href":"https:\/\/www.zona-janjevci.biz\/hr\/wp-json\/wp\/v2\/pages\/1395\/revisions"}],"predecessor-version":[{"id":1759,"href":"https:\/\/www.zona-janjevci.biz\/hr\/wp-json\/wp\/v2\/pages\/1395\/revisions\/1759"}],"wp:attachment":[{"href":"https:\/\/www.zona-janjevci.biz\/hr\/wp-json\/wp\/v2\/media?parent=1395"}],"curies":[{"name":"wp","href":"https:\/\/api.w.org\/{rel}","templated":true}]}}