{"id":124,"date":"2012-05-21T08:58:22","date_gmt":"2012-05-21T06:58:22","guid":{"rendered":"http:\/\/www.zona-janjevci.biz\/?page_id=124"},"modified":"2020-09-15T08:46:44","modified_gmt":"2020-09-15T06:46:44","slug":"otvoreni-natjecaji","status":"publish","type":"page","link":"https:\/\/www.zona-janjevci.biz\/hr\/otvoreni-natjecaji\/","title":{"rendered":"Natje\u010daji"},"content":{"rendered":"\t\t<div data-elementor-type=\"wp-page\" data-elementor-id=\"124\" class=\"elementor elementor-124\">\n\t\t\t\t\t\t<section class=\"elementor-section elementor-top-section elementor-element elementor-element-13f022df elementor-section-boxed elementor-section-height-default elementor-section-height-default\" data-id=\"13f022df\" data-element_type=\"section\" data-e-type=\"section\">\n\t\t\t\t\t\t<div class=\"elementor-container elementor-column-gap-default\">\n\t\t\t\t\t<div class=\"elementor-column elementor-col-100 elementor-top-column elementor-element elementor-element-71591e8c\" data-id=\"71591e8c\" data-element_type=\"column\" data-e-type=\"column\">\n\t\t\t<div class=\"elementor-widget-wrap elementor-element-populated\">\n\t\t\t\t\t\t<div class=\"elementor-element elementor-element-3a7f3fb1 elementor-widget elementor-widget-text-editor\" data-id=\"3a7f3fb1\" data-element_type=\"widget\" data-e-type=\"widget\" data-widget_type=\"text-editor.default\">\n\t\t\t\t<div class=\"elementor-widget-container\">\n\t\t\t\t\t\t\t\t\t<!--:en-->\n<!--:-->\t\t\t\t\t\t\t\t<\/div>\n\t\t\t\t<\/div>\n\t\t\t\t<div class=\"elementor-element elementor-element-81a1b65 elementor-widget elementor-widget-eael-post-timeline\" data-id=\"81a1b65\" data-element_type=\"widget\" data-e-type=\"widget\" data-widget_type=\"eael-post-timeline.default\">\n\t\t\t\t<div class=\"elementor-widget-container\">\n\t\t\t\t\t<div id=\"eael-post-timeline-81a1b65\" class=\"eael-post-timeline timeline-layout-default eael-post-timeline-arrow-\">\n            <div class=\"eael-post-timeline eael-post-appender eael-post-appender-81a1b65\"><article class=\"eael-timeline-post eael-timeline-column\">\n    <div class=\"eael-timeline-bullet\"><\/div>\n    <div class=\"eael-timeline-post-inner\">\n        <a class=\"eael-timeline-post-link\" href=\"https:\/\/www.zona-janjevci.biz\/hr\/javni-natjecaj-za-prodaju-gradevinskog-zemljista\/\" title=\"[JAVNI NATJE\u010cAJ] za prodaju gra\u0111evinskog zemlji\u0161ta\">\n            <time datetime=\"15\/09\/2020\">15\/09\/2020<\/time>\n            <div class=\"eael-timeline-post-image  attachment-large size-large\" style=\"background-image: url(https:\/\/www.zona-janjevci.biz\/wp-content\/uploads\/2020\/08\/natjecaj-1024x683.jpg);\"><\/div><div class=\"eael-timeline-post-excerpt\"><p><\/p><\/div><div class=\"eael-timeline-post-title\">\n                    <h2 class=\"eael-timeline-post-title-text\">[JAVNI NATJE\u010cAJ] za prodaju gra\u0111evinskog zemlji\u0161ta<\/h2>\n                <\/div><\/a>\n    <\/div>\n<\/article><article class=\"eael-timeline-post eael-timeline-column\">\n    <div class=\"eael-timeline-bullet\"><\/div>\n    <div class=\"eael-timeline-post-inner\">\n        <a class=\"eael-timeline-post-link\" href=\"https:\/\/www.zona-janjevci.biz\/hr\/javni-natjecaj\/\" title=\"JAVNI NATJE\u010cAJ\">\n            <time datetime=\"21\/08\/2020\">21\/08\/2020<\/time>\n            <div class=\"eael-timeline-post-image  attachment-large size-large\" style=\"background-image: url(https:\/\/www.zona-janjevci.biz\/wp-content\/uploads\/2020\/08\/natjecaj-1024x683.jpg);\"><\/div><div class=\"eael-timeline-post-excerpt\"><p><\/p><\/div><div class=\"eael-timeline-post-title\">\n                    <h2 class=\"eael-timeline-post-title-text\">JAVNI NATJE\u010cAJ<\/h2>\n                <\/div><\/a>\n    <\/div>\n<\/article><article class=\"eael-timeline-post eael-timeline-column\">\n    <div class=\"eael-timeline-bullet\"><\/div>\n    <div class=\"eael-timeline-post-inner\">\n        <a class=\"eael-timeline-post-link\" href=\"https:\/\/www.zona-janjevci.biz\/hr\/obavijest-o-nadmetanju\/\" title=\"[OBAVIJEST] o nadmetanju\">\n            <time datetime=\"29\/12\/2019\">29\/12\/2019<\/time>\n            <div class=\"eael-timeline-post-image  attachment-large size-large\" style=\"background-image: url(https:\/\/www.zona-janjevci.biz\/wp-content\/uploads\/2019\/12\/javna-nabava.png);\"><\/div><div class=\"eael-timeline-post-excerpt\"><p>Obavijest o nadmetanju (13)Preuzmi SITUACIJA SVE INSTALACIJEPreuzmi Dokumentacija o nabaviPreuzmi<\/p><\/div><div class=\"eael-timeline-post-title\">\n                    <h2 class=\"eael-timeline-post-title-text\">[OBAVIJEST] o nadmetanju<\/h2>\n                <\/div><\/a>\n    <\/div>\n<\/article><\/div>\n\t\t<\/div>\t\t\t\t<\/div>\n\t\t\t\t<\/div>\n\t\t\t\t\t<\/div>\n\t\t<\/div>\n\t\t\t\t\t<\/div>\n\t\t<\/section>\n\t\t\t\t<\/div>\n\t\t","protected":false},"excerpt":{"rendered":"<p>29\/12\/2019 Obavijest o nadmetanju (13)Preuzmi SITUACIJA SVE INSTALACIJEPreuzmi Dokumentacija o nabaviPreuzmi [OBAVIJEST] o nadmetanju U\u010ditaj jo\u0161<\/p>\n","protected":false},"author":6,"featured_media":0,"parent":0,"menu_order":0,"comment_status":"closed","ping_status":"closed","template":"","meta":{"footnotes":""},"class_list":["post-124","page","type-page","status-publish","hentry","post"],"jetpack_sharing_enabled":true,"_links":{"self":[{"href":"https:\/\/www.zona-janjevci.biz\/hr\/wp-json\/wp\/v2\/pages\/124","targetHints":{"allow":["GET"]}}],"collection":[{"href":"https:\/\/www.zona-janjevci.biz\/hr\/wp-json\/wp\/v2\/pages"}],"about":[{"href":"https:\/\/www.zona-janjevci.biz\/hr\/wp-json\/wp\/v2\/types\/page"}],"author":[{"embeddable":true,"href":"https:\/\/www.zona-janjevci.biz\/hr\/wp-json\/wp\/v2\/users\/6"}],"replies":[{"embeddable":true,"href":"https:\/\/www.zona-janjevci.biz\/hr\/wp-json\/wp\/v2\/comments?post=124"}],"version-history":[{"count":4,"href":"https:\/\/www.zona-janjevci.biz\/hr\/wp-json\/wp\/v2\/pages\/124\/revisions"}],"predecessor-version":[{"id":1851,"href":"https:\/\/www.zona-janjevci.biz\/hr\/wp-json\/wp\/v2\/pages\/124\/revisions\/1851"}],"wp:attachment":[{"href":"https:\/\/www.zona-janjevci.biz\/hr\/wp-json\/wp\/v2\/media?parent=124"}],"curies":[{"name":"wp","href":"https:\/\/api.w.org\/{rel}","templated":true}]}}